{"id":10717,"date":"2023-06-15T15:16:10","date_gmt":"2023-06-15T13:16:10","guid":{"rendered":"https:\/\/petformed.com\/pl\/?page_id=10717"},"modified":"2026-02-03T15:37:11","modified_gmt":"2026-02-03T14:37:11","slug":"odstapienie-od-umowy","status":"publish","type":"page","link":"https:\/\/petformed.com\/pl\/odstapienie-od-umowy\/","title":{"rendered":"Odst\u0105pienie od umowy"},"content":{"rendered":"<div class=\"wpb-content-wrapper\"><p>[vc_row][vc_column width=&#8221;1\/6&#8243; offset=&#8221;vc_hidden-xs&#8221; woodmart_css_id=&#8221;6446ef231adae&#8221; parallax_scroll=&#8221;no&#8221; woodmart_sticky_column=&#8221;false&#8221; wd_collapsible_content_switcher=&#8221;no&#8221; wd_column_role_offcanvas_desktop=&#8221;no&#8221; wd_column_role_offcanvas_tablet=&#8221;no&#8221; wd_column_role_offcanvas_mobile=&#8221;no&#8221; wd_column_role_content_desktop=&#8221;no&#8221; wd_column_role_content_tablet=&#8221;no&#8221; wd_column_role_content_mobile=&#8221;no&#8221; mobile_bg_img_hidden=&#8221;no&#8221; tablet_bg_img_hidden=&#8221;no&#8221; woodmart_parallax=&#8221;0&#8243; woodmart_box_shadow=&#8221;no&#8221; responsive_spacing=&#8221;eyJwYXJhbV90eXBlIjoid29vZG1hcnRfcmVzcG9uc2l2ZV9zcGFjaW5nIiwic2VsZWN0b3JfaWQiOiI2NDQ2ZWYyMzFhZGFlIiwic2hvcnRjb2RlIjoidmNfY29sdW1uIiwiZGF0YSI6eyJ0YWJsZXQiOnt9LCJtb2JpbGUiOnt9fX0=&#8221; mobile_reset_margin=&#8221;no&#8221; tablet_reset_margin=&#8221;no&#8221; wd_z_index=&#8221;no&#8221;][\/vc_column][vc_column width=&#8221;2\/3&#8243;]\n\t\t<div id=\"wd-648b0f847d02d\" class=\"title-wrapper wd-wpb wd-set-mb reset-last-child  wd-rs-648b0f847d02d wd-title-color-default wd-title-style-default text-center  wd-underline-colored\">\n\t\t\t\n\t\t\t<div class=\"liner-continer\">\n\t\t\t\t<h1 class=\"woodmart-title-container title  wd-font-weight- wd-fontsize-l\" >Odst\u0105pienie od umowy<\/h1>\n\t\t\t\t\t\t\t<\/div>\n\t\t\t\n\t\t\t\n\t\t\t\n\t\t<\/div>\n\t\t\n\t\t[\/vc_column][vc_column width=&#8221;1\/6&#8243; offset=&#8221;vc_hidden-xs&#8221; woodmart_css_id=&#8221;6446ef2d00654&#8243; parallax_scroll=&#8221;no&#8221; woodmart_sticky_column=&#8221;false&#8221; wd_collapsible_content_switcher=&#8221;no&#8221; wd_column_role_offcanvas_desktop=&#8221;no&#8221; wd_column_role_offcanvas_tablet=&#8221;no&#8221; wd_column_role_offcanvas_mobile=&#8221;no&#8221; wd_column_role_content_desktop=&#8221;no&#8221; wd_column_role_content_tablet=&#8221;no&#8221; wd_column_role_content_mobile=&#8221;no&#8221; mobile_bg_img_hidden=&#8221;no&#8221; tablet_bg_img_hidden=&#8221;no&#8221; woodmart_parallax=&#8221;0&#8243; woodmart_box_shadow=&#8221;no&#8221; responsive_spacing=&#8221;eyJwYXJhbV90eXBlIjoid29vZG1hcnRfcmVzcG9uc2l2ZV9zcGFjaW5nIiwic2VsZWN0b3JfaWQiOiI2NDQ2ZWYyZDAwNjU0Iiwic2hvcnRjb2RlIjoidmNfY29sdW1uIiwiZGF0YSI6eyJ0YWJsZXQiOnt9LCJtb2JpbGUiOnt9fX0=&#8221; mobile_reset_margin=&#8221;no&#8221; tablet_reset_margin=&#8221;no&#8221; wd_z_index=&#8221;no&#8221;][\/vc_column][\/vc_row][vc_row css=&#8221;.vc_custom_1682369035096{margin-bottom: 30px !important;}&#8221; woodmart_css_id=&#8221;6446ea05a24db&#8221; responsive_spacing=&#8221;eyJwYXJhbV90eXBlIjoid29vZG1hcnRfcmVzcG9uc2l2ZV9zcGFjaW5nIiwic2VsZWN0b3JfaWQiOiI2NDQ2ZWEwNWEyNGRiIiwic2hvcnRjb2RlIjoidmNfcm93IiwiZGF0YSI6eyJ0YWJsZXQiOnt9LCJtb2JpbGUiOnt9fX0=&#8221; mobile_bg_img_hidden=&#8221;no&#8221; tablet_bg_img_hidden=&#8221;no&#8221; woodmart_parallax=&#8221;0&#8243; woodmart_gradient_switch=&#8221;no&#8221; woodmart_box_shadow=&#8221;no&#8221; wd_z_index=&#8221;no&#8221; woodmart_disable_overflow=&#8221;0&#8243; row_reverse_mobile=&#8221;0&#8243; row_reverse_tablet=&#8221;0&#8243;][vc_column width=&#8221;1\/6&#8243; offset=&#8221;vc_hidden-xs&#8221; woodmart_css_id=&#8221;6446ef1e5fdcd&#8221; parallax_scroll=&#8221;no&#8221; woodmart_sticky_column=&#8221;false&#8221; wd_collapsible_content_switcher=&#8221;no&#8221; wd_column_role_offcanvas_desktop=&#8221;no&#8221; wd_column_role_offcanvas_tablet=&#8221;no&#8221; wd_column_role_offcanvas_mobile=&#8221;no&#8221; wd_column_role_content_desktop=&#8221;no&#8221; wd_column_role_content_tablet=&#8221;no&#8221; wd_column_role_content_mobile=&#8221;no&#8221; mobile_bg_img_hidden=&#8221;no&#8221; tablet_bg_img_hidden=&#8221;no&#8221; woodmart_parallax=&#8221;0&#8243; woodmart_box_shadow=&#8221;no&#8221; responsive_spacing=&#8221;eyJwYXJhbV90eXBlIjoid29vZG1hcnRfcmVzcG9uc2l2ZV9zcGFjaW5nIiwic2VsZWN0b3JfaWQiOiI2NDQ2ZWYxZTVmZGNkIiwic2hvcnRjb2RlIjoidmNfY29sdW1uIiwiZGF0YSI6eyJ0YWJsZXQiOnt9LCJtb2JpbGUiOnt9fX0=&#8221; mobile_reset_margin=&#8221;no&#8221; tablet_reset_margin=&#8221;no&#8221; wd_z_index=&#8221;no&#8221;][\/vc_column][vc_column width=&#8221;2\/3&#8243; css=&#8221;.vc_custom_1682370375180{padding-right: 11% !important;padding-left: 11% !important;}&#8221; woodmart_css_id=&#8221;6446ef38b421d&#8221; parallax_scroll=&#8221;no&#8221; woodmart_sticky_column=&#8221;false&#8221; wd_collapsible_content_switcher=&#8221;no&#8221; wd_column_role_offcanvas_desktop=&#8221;no&#8221; wd_column_role_offcanvas_tablet=&#8221;no&#8221; wd_column_role_offcanvas_mobile=&#8221;no&#8221; wd_column_role_content_desktop=&#8221;no&#8221; wd_column_role_content_tablet=&#8221;no&#8221; wd_column_role_content_mobile=&#8221;no&#8221; mobile_bg_img_hidden=&#8221;no&#8221; tablet_bg_img_hidden=&#8221;no&#8221; woodmart_parallax=&#8221;0&#8243; woodmart_box_shadow=&#8221;no&#8221; responsive_spacing=&#8221;eyJwYXJhbV90eXBlIjoid29vZG1hcnRfcmVzcG9uc2l2ZV9zcGFjaW5nIiwic2VsZWN0b3JfaWQiOiI2NDQ2ZWYzOGI0MjFkIiwic2hvcnRjb2RlIjoidmNfY29sdW1uIiwiZGF0YSI6eyJ0YWJsZXQiOnsicGFkZGluZy1yaWdodCI6IjglIiwicGFkZGluZy1sZWZ0IjoiOCUifSwibW9iaWxlIjp7InBhZGRpbmctcmlnaHQiOiI1JSIsInBhZGRpbmctbGVmdCI6IjUlIn19fQ==&#8221; mobile_reset_margin=&#8221;no&#8221; tablet_reset_margin=&#8221;no&#8221; wd_z_index=&#8221;no&#8221;][vc_separator color=&#8221;custom&#8221; css=&#8221;.vc_custom_1682368135243{margin-bottom: 0px !important;padding-top: 26px !important;padding-bottom: 0px !important;}&#8221; accent_color=&#8221;#e0e0e0&#8243; wd_hide_on_desktop=&#8221;no&#8221; wd_hide_on_tablet=&#8221;no&#8221; wd_hide_on_mobile=&#8221;no&#8221;]\t\t<div id=\"wd-64a5b801ba171\" class=\"wd-text-block wd-wpb reset-last-child wd-rs-64a5b801ba171 text-left color-primary wd-fontsize-s font-alt vc_custom_1688582158535\">\n\t\t\t<p>Informacje dotycz\u0105ce korzystania z prawa odst\u0105pienia od umowy oraz wz\u00f3r formularza odst\u0105pienia od umowy<\/p>\n\t\t<\/div>\n\t\t\t\t<div id=\"wd-64a5b810e9651\" class=\"wd-text-block wd-wpb reset-last-child wd-rs-64a5b810e9651 text-left color-primary wd-fontsize-s font-alt vc_custom_1688582166033\">\n\t\t\t<p>Prawo odst\u0105pienia od umowy<\/p>\n\t\t<\/div>\n\t\t\t\t<div id=\"wd-69820805c8074\" class=\"wd-text-block wd-wpb reset-last-child wd-rs-69820805c8074 text-left wd-fontsize-s vc_custom_1770129419289\">\n\t\t\t<p>Maj\u0105 Pa\u0144stwo prawo odst\u0105pi\u0107 od niniejszej umowy w terminie 30 dni bez podania jakiejkolwiek przyczyny. Termin do odst\u0105pienia od umowy wygasa po up\u0142ywie 30 dni od dnia w kt\u00f3rym weszli Pa\u0144stwo w posiadanie towaru lub w kt\u00f3rym osoba trzecia inna ni\u017c przewo\u017anik i wskazana przez Pa\u0144stwa wesz\u0142a w posiadanie towaru.<\/p>\n<p>Aby skorzysta\u0107 z prawa odst\u0105pienia od umowy, musz\u0105 Pa\u0144stwo poinformowa\u0107 nas (Refoamed sp. z o. o., Zakroczymska 31, 05-140 Serock, Polska, office@refoamed.com, telefon: + 48 (22) 29 98 126 o swojej decyzji o odst\u0105pieniu od niniejszej umowy w drodze jednoznacznego o\u015bwiadczenia (na przyk\u0142ad pismo wys\u0142ane poczt\u0105 lub poczt\u0105 elektroniczn\u0105). Mog\u0105 Pa\u0144stwo skorzysta\u0107 z wzoru formularza odst\u0105pienia od umowy, jednak nie jest to obowi\u0105zkowe.<\/p>\n<p>Uwaga! Je\u015bli zwr\u00f3cony produkt b\u0119dzie brudny, to do kwoty zam\u00f3wienia odliczymy 100 z\u0142 za czyszczenie. Je\u015bli produkt nie jest czysty, to sugerujemy go wyczy\u015bci\u0107 przed zwrotem.<\/p>\n<p>Aby zachowa\u0107 termin do odst\u0105pienia od umowy, wystarczy, aby wys\u0142ali Pa\u0144stwo informacj\u0119 dotycz\u0105c\u0105 wykonania przys\u0142uguj\u0105cego Pa\u0144stwu prawa odst\u0105pienia od umowy przed up\u0142ywem terminu do odst\u0105pienia od umowy.<\/p>\n\t\t<\/div>\n\t\t\t\t<div id=\"wd-64a5b8301d5db\" class=\"wd-text-block wd-wpb reset-last-child wd-rs-64a5b8301d5db text-left color-primary wd-fontsize-s font-alt vc_custom_1688582197165\">\n\t\t\t<p>Skutki odst\u0105pienia od umowy<\/p>\n\t\t<\/div>\n\t\t\t\t<div id=\"wd-64a5b827ad395\" class=\"wd-text-block wd-wpb reset-last-child wd-rs-64a5b827ad395 text-left wd-fontsize-s vc_custom_1688582188578\">\n\t\t\t<p>W przypadku odst\u0105pienia od niniejszej umowy zwracamy Pa\u0144stwu wszystkie otrzymane od Pa\u0144stwa p\u0142atno\u015bci, w tym koszty dostarczenia towaru (z wyj\u0105tkiem dodatkowych koszt\u00f3w wynikaj\u0105cych z wybranego przez Pa\u0144stwa sposobu dostarczenia innego ni\u017c najta\u0144szy zwyk\u0142y spos\u00f3b dostarczenia oferowany przez nas), niezw\u0142ocznie, a w ka\u017cdym przypadku nie p\u00f3\u017aniej ni\u017c 14 dni od dnia, w kt\u00f3rym zostali\u015bmy poinformowani o Pa\u0144stwa decyzji o wykonaniu prawa odst\u0105pienia od niniejszej umowy. Zwrotu p\u0142atno\u015bci dokonamy przy u\u017cyciu takich samych sposob\u00f3w p\u0142atno\u015bci, jakie zosta\u0142y przez Pa\u0144stwa u\u017cyte w pierwotnej transakcji, chyba \u017ce wyra\u017anie zgodzili\u015bcie si\u0119 Pa\u0144stwo na inne rozwi\u0105zanie; w ka\u017cdym przypadku nie ponios\u0105 Pa\u0144stwo \u017cadnych op\u0142at w zwi\u0105zku z tym zwrotem. Mo\u017cemy wstrzyma\u0107 si\u0119 ze zwrotem p\u0142atno\u015bci do czasu otrzymania towaru lub do czasu dostarczenia nam dowodu jego odes\u0142ania, w zale\u017cno\u015bci od tego, kt\u00f3re zdarzenie nast\u0105pi wcze\u015bniej.<\/p>\n<p>Prosz\u0119 odes\u0142a\u0107 lub przekaza\u0107 nam towar, niezw\u0142ocznie, a w ka\u017cdym razie nie p\u00f3\u017aniej ni\u017c 14 dni od dnia, w kt\u00f3rym poinformowali nas Pa\u0144stwo o odst\u0105pieniu od niniejszej umowy. Termin jest zachowany, je\u017celi ode\u015bl\u0105 Pa\u0144stwo towar przed up\u0142ywem terminu 14 dni. B\u0119d\u0105 Pa\u0144stwo musieli ponie\u015b\u0107 bezpo\u015brednie koszty zwrotu towaru.<\/p>\n<p>Odpowiadaj\u0105 Pa\u0144stwo tylko za zmniejszenie warto\u015bci towaru wynikaj\u0105ce z korzystania z niego w spos\u00f3b inny ni\u017c by\u0142o to konieczne do stwierdzenia charakteru, cech i funkcjonowania towaru.<\/p>\n\t\t<\/div>\n\t\t\t\t<div id=\"wd-64a5b83b1f9b9\" class=\"wd-text-block wd-wpb reset-last-child wd-rs-64a5b83b1f9b9 text-left color-primary wd-fontsize-s font-alt vc_custom_1688582206857\">\n\t\t\t<p>Wz\u00f3r formularza odst\u0105pienia od umowy<\/p>\n\t\t<\/div>\n\t\t\t\t<div id=\"wd-6982080f6cf5c\" class=\"wd-text-block wd-wpb reset-last-child wd-rs-6982080f6cf5c text-left wd-fontsize-s vc_custom_1770129429032\">\n\t\t\t<p><em>(formularz ten nale\u017cy wype\u0142ni\u0107 i odes\u0142a\u0107 tylko w przypadku ch\u0119ci odst\u0105pienia od umowy)<\/em><\/p>\n<p>\u2013 Adresat Refoamed sp. z o. o., Zakroczymska 31, 05-140 Serock, Polska, e-<br \/>\ncommerce@gmail.com.<br \/>\n\u2013 Ja\/My(*) niniejszym informuj\u0119\/informujemy(*) o moim\/naszym odst\u0105pieniu od umowy sprzeda\u017cy nast\u0119puj\u0105cych towar\u00f3w(*)<br \/>\numowy dostawy nast\u0119puj\u0105cych towar\u00f3w(*) umowy o dzie\u0142o polegaj\u0105cej na wykonaniu nast\u0119puj\u0105cych towar\u00f3w(*)\/o \u015bwiadczenie nast\u0119puj\u0105cej us\u0142ugi(*)<br \/>\n\u2013 Data zawarcia umowy(*)\/odbioru(*)<br \/>\n\u2013 Imi\u0119 i nazwisko konsumenta(-\u00f3w)<br \/>\n\u2013 Adres konsumenta(-\u00f3w)<br \/>\n\u2013 Podpis konsumenta(-\u00f3w) (tylko je\u017celi formularz jest przesy\u0142any w wersji papierowej)<br \/>\n\u2013 Data<br \/>\n(*) Niepotrzebne skre\u015bli\u0107.<\/p>\n\t\t<\/div>\n\t\t[\/vc_column][vc_column width=&#8221;1\/6&#8243; offset=&#8221;vc_hidden-xs&#8221; woodmart_css_id=&#8221;6446ef1735ed6&#8243; parallax_scroll=&#8221;no&#8221; woodmart_sticky_column=&#8221;false&#8221; wd_collapsible_content_switcher=&#8221;no&#8221; wd_column_role_offcanvas_desktop=&#8221;no&#8221; wd_column_role_offcanvas_tablet=&#8221;no&#8221; wd_column_role_offcanvas_mobile=&#8221;no&#8221; wd_column_role_content_desktop=&#8221;no&#8221; wd_column_role_content_tablet=&#8221;no&#8221; wd_column_role_content_mobile=&#8221;no&#8221; mobile_bg_img_hidden=&#8221;no&#8221; tablet_bg_img_hidden=&#8221;no&#8221; woodmart_parallax=&#8221;0&#8243; woodmart_box_shadow=&#8221;no&#8221; responsive_spacing=&#8221;eyJwYXJhbV90eXBlIjoid29vZG1hcnRfcmVzcG9uc2l2ZV9zcGFjaW5nIiwic2VsZWN0b3JfaWQiOiI2NDQ2ZWYxNzM1ZWQ2Iiwic2hvcnRjb2RlIjoidmNfY29sdW1uIiwiZGF0YSI6eyJ0YWJsZXQiOnt9LCJtb2JpbGUiOnt9fX0=&#8221; mobile_reset_margin=&#8221;no&#8221; tablet_reset_margin=&#8221;no&#8221; wd_z_index=&#8221;no&#8221;][\/vc_column][\/vc_row]<\/p>\n<\/div>","protected":false},"excerpt":{"rendered":"<p>[vc_row][vc_column width=&#8221;1\/6&#8243; offset=&#8221;vc_hidden-xs&#8221; woodmart_css_id=&#8221;6446ef231adae&#8221; parallax_scroll=&#8221;no&#8221; woodmart_sticky_column=&#8221;false&#8221; wd_collapsible_content_switcher=&#8221;no&#8221; wd_column_role_offcanvas_desktop=&#8221;no&#8221; wd_column_role_offcanvas_tablet=&#8221;no&#8221; wd_column_role_offcanvas_mobile=&#8221;no&#8221; wd_column_role_content_desktop=&#8221;no&#8221; wd_column_role_content_tablet=&#8221;no&#8221; wd_column_role_content_mobile=&#8221;no&#8221; mobile_bg_img_hidden=&#8221;no&#8221; tablet_bg_img_hidden=&#8221;no&#8221; woodmart_parallax=&#8221;0&#8243; woodmart_box_shadow=&#8221;no&#8221; responsive_spacing=&#8221;eyJwYXJhbV90eXBlIjoid29vZG1hcnRfcmVzcG9uc2l2ZV9zcGFjaW5nIiwic2VsZWN0b3JfaWQiOiI2NDQ2ZWYyMzFhZGFlIiwic2hvcnRjb2RlIjoidmNfY29sdW1uIiwiZGF0YSI6eyJ0YWJsZXQiOnt9LCJtb2JpbGUiOnt9fX0=&#8221; mobile_reset_margin=&#8221;no&#8221; tablet_reset_margin=&#8221;no&#8221;<\/p>\n","protected":false},"author":1,"featured_media":0,"parent":0,"menu_order":0,"comment_status":"closed","ping_status":"closed","template":"","meta":{"_acf_changed":false,"footnotes":""},"class_list":["post-10717","page","type-page","status-publish","hentry"],"acf":[],"yoast_head":"<!-- This site is optimized with the Yoast SEO plugin v27.2 - https:\/\/yoast.com\/product\/yoast-seo-wordpress\/ -->\n<title>Odst\u0105pienie od umowy - Petformed PL<\/title>\n<meta name=\"robots\" content=\"index, follow, max-snippet:-1, max-image-preview:large, max-video-preview:-1\" \/>\n<link rel=\"canonical\" href=\"https:\/\/petformed.com\/pl\/odstapienie-od-umowy\/\" \/>\n<meta property=\"og:locale\" content=\"pl_PL\" \/>\n<meta property=\"og:type\" content=\"article\" \/>\n<meta property=\"og:title\" content=\"Odst\u0105pienie od umowy - Petformed PL\" \/>\n<meta property=\"og:description\" content=\"[vc_row][vc_column width=&#8221;1\/6&#8243; offset=&#8221;vc_hidden-xs&#8221; woodmart_css_id=&#8221;6446ef231adae&#8221; parallax_scroll=&#8221;no&#8221; woodmart_sticky_column=&#8221;false&#8221; wd_collapsible_content_switcher=&#8221;no&#8221; wd_column_role_offcanvas_desktop=&#8221;no&#8221; wd_column_role_offcanvas_tablet=&#8221;no&#8221; wd_column_role_offcanvas_mobile=&#8221;no&#8221; wd_column_role_content_desktop=&#8221;no&#8221; wd_column_role_content_tablet=&#8221;no&#8221; wd_column_role_content_mobile=&#8221;no&#8221; mobile_bg_img_hidden=&#8221;no&#8221; tablet_bg_img_hidden=&#8221;no&#8221; woodmart_parallax=&#8221;0&#8243; woodmart_box_shadow=&#8221;no&#8221; responsive_spacing=&#8221;eyJwYXJhbV90eXBlIjoid29vZG1hcnRfcmVzcG9uc2l2ZV9zcGFjaW5nIiwic2VsZWN0b3JfaWQiOiI2NDQ2ZWYyMzFhZGFlIiwic2hvcnRjb2RlIjoidmNfY29sdW1uIiwiZGF0YSI6eyJ0YWJsZXQiOnt9LCJtb2JpbGUiOnt9fX0=&#8221; mobile_reset_margin=&#8221;no&#8221; tablet_reset_margin=&#8221;no&#8221;\" \/>\n<meta property=\"og:url\" content=\"https:\/\/petformed.com\/pl\/odstapienie-od-umowy\/\" \/>\n<meta property=\"og:site_name\" content=\"Petformed PL\" \/>\n<meta property=\"article:publisher\" content=\"https:\/\/www.facebook.com\/Petformed\/\" \/>\n<meta property=\"article:modified_time\" content=\"2026-02-03T14:37:11+00:00\" \/>\n<meta name=\"twitter:card\" content=\"summary_large_image\" \/>\n<meta name=\"twitter:label1\" content=\"Szacowany czas czytania\" \/>\n\t<meta name=\"twitter:data1\" content=\"5 minut\" \/>\n<script type=\"application\/ld+json\" class=\"yoast-schema-graph\">{\"@context\":\"https:\/\/schema.org\",\"@graph\":[{\"@type\":\"WebPage\",\"@id\":\"https:\/\/petformed.com\/pl\/odstapienie-od-umowy\/\",\"url\":\"https:\/\/petformed.com\/pl\/odstapienie-od-umowy\/\",\"name\":\"Odst\u0105pienie od umowy - Petformed PL\",\"isPartOf\":{\"@id\":\"https:\/\/petformed.com\/pl\/#website\"},\"datePublished\":\"2023-06-15T13:16:10+00:00\",\"dateModified\":\"2026-02-03T14:37:11+00:00\",\"breadcrumb\":{\"@id\":\"https:\/\/petformed.com\/pl\/odstapienie-od-umowy\/#breadcrumb\"},\"inLanguage\":\"pl-PL\",\"potentialAction\":[{\"@type\":\"ReadAction\",\"target\":[\"https:\/\/petformed.com\/pl\/odstapienie-od-umowy\/\"]}]},{\"@type\":\"BreadcrumbList\",\"@id\":\"https:\/\/petformed.com\/pl\/odstapienie-od-umowy\/#breadcrumb\",\"itemListElement\":[{\"@type\":\"ListItem\",\"position\":1,\"name\":\"Start\",\"item\":\"https:\/\/petformed.com\/pl\/\"},{\"@type\":\"ListItem\",\"position\":2,\"name\":\"Odst\u0105pienie od umowy\"}]},{\"@type\":\"WebSite\",\"@id\":\"https:\/\/petformed.com\/pl\/#website\",\"url\":\"https:\/\/petformed.com\/pl\/\",\"name\":\"Petformed\",\"description\":\"\",\"publisher\":{\"@id\":\"https:\/\/petformed.com\/pl\/#organization\"},\"alternateName\":\"Petformed\",\"potentialAction\":[{\"@type\":\"SearchAction\",\"target\":{\"@type\":\"EntryPoint\",\"urlTemplate\":\"https:\/\/petformed.com\/pl\/?s={search_term_string}\"},\"query-input\":{\"@type\":\"PropertyValueSpecification\",\"valueRequired\":true,\"valueName\":\"search_term_string\"}}],\"inLanguage\":\"pl-PL\"},{\"@type\":\"Organization\",\"@id\":\"https:\/\/petformed.com\/pl\/#organization\",\"name\":\"Petformed\",\"url\":\"https:\/\/petformed.com\/pl\/\",\"logo\":{\"@type\":\"ImageObject\",\"inLanguage\":\"pl-PL\",\"@id\":\"https:\/\/petformed.com\/pl\/#\/schema\/logo\/image\/\",\"url\":\"https:\/\/petformed.com\/pl\/wp-content\/uploads\/sites\/2\/2024\/03\/Petformed_Logo.png\",\"contentUrl\":\"https:\/\/petformed.com\/pl\/wp-content\/uploads\/sites\/2\/2024\/03\/Petformed_Logo.png\",\"width\":1000,\"height\":200,\"caption\":\"Petformed\"},\"image\":{\"@id\":\"https:\/\/petformed.com\/pl\/#\/schema\/logo\/image\/\"},\"sameAs\":[\"https:\/\/www.facebook.com\/Petformed\/\",\"https:\/\/www.instagram.com\/petformed_polska\",\"https:\/\/www.tiktok.com\/@petformed_\",\"https:\/\/www.youtube.com\/@Petformed_PL\"]}]}<\/script>\n<!-- \/ Yoast SEO plugin. -->","yoast_head_json":{"title":"Odst\u0105pienie od umowy - Petformed PL","robots":{"index":"index","follow":"follow","max-snippet":"max-snippet:-1","max-image-preview":"max-image-preview:large","max-video-preview":"max-video-preview:-1"},"canonical":"https:\/\/petformed.com\/pl\/odstapienie-od-umowy\/","og_locale":"pl_PL","og_type":"article","og_title":"Odst\u0105pienie od umowy - Petformed PL","og_description":"[vc_row][vc_column width=&#8221;1\/6&#8243; offset=&#8221;vc_hidden-xs&#8221; woodmart_css_id=&#8221;6446ef231adae&#8221; parallax_scroll=&#8221;no&#8221; woodmart_sticky_column=&#8221;false&#8221; wd_collapsible_content_switcher=&#8221;no&#8221; wd_column_role_offcanvas_desktop=&#8221;no&#8221; wd_column_role_offcanvas_tablet=&#8221;no&#8221; wd_column_role_offcanvas_mobile=&#8221;no&#8221; wd_column_role_content_desktop=&#8221;no&#8221; wd_column_role_content_tablet=&#8221;no&#8221; wd_column_role_content_mobile=&#8221;no&#8221; mobile_bg_img_hidden=&#8221;no&#8221; tablet_bg_img_hidden=&#8221;no&#8221; woodmart_parallax=&#8221;0&#8243; woodmart_box_shadow=&#8221;no&#8221; responsive_spacing=&#8221;eyJwYXJhbV90eXBlIjoid29vZG1hcnRfcmVzcG9uc2l2ZV9zcGFjaW5nIiwic2VsZWN0b3JfaWQiOiI2NDQ2ZWYyMzFhZGFlIiwic2hvcnRjb2RlIjoidmNfY29sdW1uIiwiZGF0YSI6eyJ0YWJsZXQiOnt9LCJtb2JpbGUiOnt9fX0=&#8221; mobile_reset_margin=&#8221;no&#8221; tablet_reset_margin=&#8221;no&#8221;","og_url":"https:\/\/petformed.com\/pl\/odstapienie-od-umowy\/","og_site_name":"Petformed PL","article_publisher":"https:\/\/www.facebook.com\/Petformed\/","article_modified_time":"2026-02-03T14:37:11+00:00","twitter_card":"summary_large_image","twitter_misc":{"Szacowany czas czytania":"5 minut"},"schema":{"@context":"https:\/\/schema.org","@graph":[{"@type":"WebPage","@id":"https:\/\/petformed.com\/pl\/odstapienie-od-umowy\/","url":"https:\/\/petformed.com\/pl\/odstapienie-od-umowy\/","name":"Odst\u0105pienie od umowy - Petformed PL","isPartOf":{"@id":"https:\/\/petformed.com\/pl\/#website"},"datePublished":"2023-06-15T13:16:10+00:00","dateModified":"2026-02-03T14:37:11+00:00","breadcrumb":{"@id":"https:\/\/petformed.com\/pl\/odstapienie-od-umowy\/#breadcrumb"},"inLanguage":"pl-PL","potentialAction":[{"@type":"ReadAction","target":["https:\/\/petformed.com\/pl\/odstapienie-od-umowy\/"]}]},{"@type":"BreadcrumbList","@id":"https:\/\/petformed.com\/pl\/odstapienie-od-umowy\/#breadcrumb","itemListElement":[{"@type":"ListItem","position":1,"name":"Start","item":"https:\/\/petformed.com\/pl\/"},{"@type":"ListItem","position":2,"name":"Odst\u0105pienie od umowy"}]},{"@type":"WebSite","@id":"https:\/\/petformed.com\/pl\/#website","url":"https:\/\/petformed.com\/pl\/","name":"Petformed","description":"","publisher":{"@id":"https:\/\/petformed.com\/pl\/#organization"},"alternateName":"Petformed","potentialAction":[{"@type":"SearchAction","target":{"@type":"EntryPoint","urlTemplate":"https:\/\/petformed.com\/pl\/?s={search_term_string}"},"query-input":{"@type":"PropertyValueSpecification","valueRequired":true,"valueName":"search_term_string"}}],"inLanguage":"pl-PL"},{"@type":"Organization","@id":"https:\/\/petformed.com\/pl\/#organization","name":"Petformed","url":"https:\/\/petformed.com\/pl\/","logo":{"@type":"ImageObject","inLanguage":"pl-PL","@id":"https:\/\/petformed.com\/pl\/#\/schema\/logo\/image\/","url":"https:\/\/petformed.com\/pl\/wp-content\/uploads\/sites\/2\/2024\/03\/Petformed_Logo.png","contentUrl":"https:\/\/petformed.com\/pl\/wp-content\/uploads\/sites\/2\/2024\/03\/Petformed_Logo.png","width":1000,"height":200,"caption":"Petformed"},"image":{"@id":"https:\/\/petformed.com\/pl\/#\/schema\/logo\/image\/"},"sameAs":["https:\/\/www.facebook.com\/Petformed\/","https:\/\/www.instagram.com\/petformed_polska","https:\/\/www.tiktok.com\/@petformed_","https:\/\/www.youtube.com\/@Petformed_PL"]}]}},"_links":{"self":[{"href":"https:\/\/petformed.com\/pl\/wp-json\/wp\/v2\/pages\/10717","targetHints":{"allow":["GET"]}}],"collection":[{"href":"https:\/\/petformed.com\/pl\/wp-json\/wp\/v2\/pages"}],"about":[{"href":"https:\/\/petformed.com\/pl\/wp-json\/wp\/v2\/types\/page"}],"author":[{"embeddable":true,"href":"https:\/\/petformed.com\/pl\/wp-json\/wp\/v2\/users\/1"}],"replies":[{"embeddable":true,"href":"https:\/\/petformed.com\/pl\/wp-json\/wp\/v2\/comments?post=10717"}],"version-history":[{"count":1,"href":"https:\/\/petformed.com\/pl\/wp-json\/wp\/v2\/pages\/10717\/revisions"}],"predecessor-version":[{"id":60619,"href":"https:\/\/petformed.com\/pl\/wp-json\/wp\/v2\/pages\/10717\/revisions\/60619"}],"wp:attachment":[{"href":"https:\/\/petformed.com\/pl\/wp-json\/wp\/v2\/media?parent=10717"}],"curies":[{"name":"wp","href":"https:\/\/api.w.org\/{rel}","templated":true}]}}